{"id":11,"date":"2022-12-01T18:24:58","date_gmt":"2022-12-01T17:24:58","guid":{"rendered":"https:\/\/www.jeepdallas.fr\/jeep-dallas\/?page_id=11"},"modified":"2023-07-06T07:13:26","modified_gmt":"2023-07-06T05:13:26","slug":"contact","status":"publish","type":"page","link":"https:\/\/www.jeepdallas.fr\/jeep-dallas\/contact\/","title":{"rendered":"Contact"},"content":{"rendered":"<h1>Contacter Jeep Dallas<\/h1>\n\n\n<p>Vous souhaitez nous joindre :<br><br>\n<h2>Achat Jeep Dallas :<\/h2>\nPostez votre annonce sur le forum, un <a href=\"https:\/\/www.jeepdallas.fr\/forum-dallas\/forumdisplay.php?fid=3\" target=\"_blank\" rel=\"noreferrer noopener\">espace d\u00e9di\u00e9<\/a> pour cette fonction.\n<h2>Vente Jeep Dallas :<\/h2>\nVotre <a href=\"https:\/\/www.jeepdallas.fr\/forum-dallas\/forumdisplay.php?fid=3\" target=\"_blank\" rel=\"noreferrer noopener\">annonce<\/a> directement dans le forum.\n<h2>Recherche d&rsquo;une pi\u00e8ce Jeep Dallas :<\/h2>\nC&rsquo;<a href=\"https:\/\/www.jeepdallas.fr\/forum-dallas\/forumdisplay.php?fid=5\" target=\"_blank\" rel=\"noreferrer noopener\">est ici<\/a> que vous trouverez votre bonheur.<br>Sur le site internet du Dallas Club, les <a href=\"https:\/\/www.dallas-club.eu\/page\/2009893-les-bonnes-adresses\" target=\"_blank\" rel=\"noreferrer noopener\">pi\u00e8ces de Jeep Dallas<\/a>, leur provenance, o\u00f9 les trouver.\n<h2>Un conseil pour la restauration, l&rsquo;entretien de votre Jeep Dallas :<\/h2>\nRetrouvez tous <a href=\"https:\/\/www.jeepdallas.fr\/forum-dallas\/forumdisplay.php?fid=5\" target=\"_blank\" rel=\"noreferrer noopener\">les bons plans<\/a>.<br>Des <a href=\"https:\/\/www.dallas-club.eu\/page\/2007449-documentations-techniques\" target=\"_blank\" rel=\"noreferrer noopener\">fiches conseils<\/a> sur le site internet du Dallas Club.\n<h2>Carte grise, barr\u00e9 rouge, passage en collection :<\/h2>\nToutes ces informations, directement sur le site internet du Dallas Club, rubrique \u00ab\u00a0<a href=\"https:\/\/www.dallas-club.eu\/page\/2007449-documentations-techniques\" target=\"_blank\" rel=\"noreferrer noopener\">Documentation<\/a>\u00ab\u00a0.\n<h2>Mot de passe perdu :<\/h2>\nUn lien mot de passe perdu vous permet de r\u00e9initialiser celui-ci, directement depuis la page de connexion.<\/p>\n\n\n\n<!--\n<div class=\"wp-block-contact-form-7-contact-form-selector\">[contact-form-7 id=\"96\" title=\"Contactez nous\"]<\/div>\n-->\n","protected":false},"excerpt":{"rendered":"<p>Contacter Jeep Dallas Vous souhaitez nous joindre : Achat Jeep Dallas : Postez votre annonce sur le forum, un espace d\u00e9di\u00e9 pour cette fonction. Vente Jeep Dallas : Votre annonce directement dans le forum. Recherche d&rsquo;une pi\u00e8ce Jeep Dallas : C&rsquo;est ici que vous trouverez votre bonheur.Sur le site internet du Dallas Club, les pi\u00e8ces &hellip; <\/p>\n<p class=\"link-more\"><a href=\"https:\/\/www.jeepdallas.fr\/jeep-dallas\/contact\/\" class=\"more-link\">Continuer la lecture<span class=\"screen-reader-text\"> de &laquo;&nbsp;Contact&nbsp;&raquo;<\/span><\/a><\/p>\n","protected":false},"author":1,"featured_media":0,"parent":0,"menu_order":0,"comment_status":"closed","ping_status":"closed","template":"","meta":{"footnotes":""},"class_list":["post-11","page","type-page","status-publish","hentry"],"_links":{"self":[{"href":"https:\/\/www.jeepdallas.fr\/jeep-dallas\/wp-json\/wp\/v2\/pages\/11","targetHints":{"allow":["GET"]}}],"collection":[{"href":"https:\/\/www.jeepdallas.fr\/jeep-dallas\/wp-json\/wp\/v2\/pages"}],"about":[{"href":"https:\/\/www.jeepdallas.fr\/jeep-dallas\/wp-json\/wp\/v2\/types\/page"}],"author":[{"embeddable":true,"href":"https:\/\/www.jeepdallas.fr\/jeep-dallas\/wp-json\/wp\/v2\/users\/1"}],"replies":[{"embeddable":true,"href":"https:\/\/www.jeepdallas.fr\/jeep-dallas\/wp-json\/wp\/v2\/comments?post=11"}],"version-history":[{"count":13,"href":"https:\/\/www.jeepdallas.fr\/jeep-dallas\/wp-json\/wp\/v2\/pages\/11\/revisions"}],"predecessor-version":[{"id":8318,"href":"https:\/\/www.jeepdallas.fr\/jeep-dallas\/wp-json\/wp\/v2\/pages\/11\/revisions\/8318"}],"wp:attachment":[{"href":"https:\/\/www.jeepdallas.fr\/jeep-dallas\/wp-json\/wp\/v2\/media?parent=11"}],"curies":[{"name":"wp","href":"https:\/\/api.w.org\/{rel}","templated":true}]}}