{"id":13,"date":"2022-12-01T18:24:58","date_gmt":"2022-12-01T17:24:58","guid":{"rendered":"https:\/\/www.jeepdallas.fr\/jeep-dallas\/?page_id=13"},"modified":"2025-10-02T09:49:00","modified_gmt":"2025-10-02T07:49:00","slug":"jeep-dallas-hrubon","status":"publish","type":"page","link":"https:\/\/www.jeepdallas.fr\/jeep-dallas\/jeep-dallas-hrubon\/","title":{"rendered":"Jeep Dallas \u00ab\u00a0Hrubon\u00a0\u00bb"},"content":{"rendered":"\n<h1 class=\"wp-block-heading\">La Jeep Dallas, cr\u00e9\u00e9e par Jean-Claude Hrubon<\/h1>\n\n\n\n<p>est n\u00e9e des mains de Jean-Claude Hrubon, dans son atelier \u00e0 Neuilly sur Seine.<br>Sur un ch\u00e2ssis de Renault 4L raccourci, il con\u00e7oit une carrosserie en t\u00f4le pli\u00e9e, toute la m\u00e9canique de la Renault sera gard\u00e9e, ainsi que l&rsquo;\u00e9quipement int\u00e9rieur. <\/p>\n\n\n\n<p>La Dallas \u00e9voluera, elle adopte une carrosserie en fibre de verre, elle sera \u00e9galement propos\u00e9e en kit \u00e0 monter sur un ch\u00e2ssis de Renault 4L.<\/p>\n","protected":false},"excerpt":{"rendered":"<p>La Jeep Dallas, cr\u00e9\u00e9e par Jean-Claude Hrubon est n\u00e9e des mains de Jean-Claude Hrubon, dans son atelier \u00e0 Neuilly sur Seine.Sur un ch\u00e2ssis de Renault 4L raccourci, il con\u00e7oit une carrosserie en t\u00f4le pli\u00e9e, toute la m\u00e9canique de la Renault sera gard\u00e9e, ainsi que l&rsquo;\u00e9quipement int\u00e9rieur. La Dallas \u00e9voluera, elle adopte une carrosserie en fibre &hellip; <\/p>\n<p class=\"link-more\"><a href=\"https:\/\/www.jeepdallas.fr\/jeep-dallas\/jeep-dallas-hrubon\/\" class=\"more-link\">Continuer la lecture<span class=\"screen-reader-text\"> de &laquo;&nbsp;Jeep Dallas \u00ab\u00a0Hrubon\u00a0\u00bb&nbsp;&raquo;<\/span><\/a><\/p>\n","protected":false},"author":1,"featured_media":49,"parent":0,"menu_order":0,"comment_status":"closed","ping_status":"closed","template":"","meta":{"footnotes":""},"class_list":["post-13","page","type-page","status-publish","has-post-thumbnail","hentry"],"_links":{"self":[{"href":"https:\/\/www.jeepdallas.fr\/jeep-dallas\/wp-json\/wp\/v2\/pages\/13","targetHints":{"allow":["GET"]}}],"collection":[{"href":"https:\/\/www.jeepdallas.fr\/jeep-dallas\/wp-json\/wp\/v2\/pages"}],"about":[{"href":"https:\/\/www.jeepdallas.fr\/jeep-dallas\/wp-json\/wp\/v2\/types\/page"}],"author":[{"embeddable":true,"href":"https:\/\/www.jeepdallas.fr\/jeep-dallas\/wp-json\/wp\/v2\/users\/1"}],"replies":[{"embeddable":true,"href":"https:\/\/www.jeepdallas.fr\/jeep-dallas\/wp-json\/wp\/v2\/comments?post=13"}],"version-history":[{"count":17,"href":"https:\/\/www.jeepdallas.fr\/jeep-dallas\/wp-json\/wp\/v2\/pages\/13\/revisions"}],"predecessor-version":[{"id":81203,"href":"https:\/\/www.jeepdallas.fr\/jeep-dallas\/wp-json\/wp\/v2\/pages\/13\/revisions\/81203"}],"wp:featuredmedia":[{"embeddable":true,"href":"https:\/\/www.jeepdallas.fr\/jeep-dallas\/wp-json\/wp\/v2\/media\/49"}],"wp:attachment":[{"href":"https:\/\/www.jeepdallas.fr\/jeep-dallas\/wp-json\/wp\/v2\/media?parent=13"}],"curies":[{"name":"wp","href":"https:\/\/api.w.org\/{rel}","templated":true}]}}