{"id":56,"date":"2022-12-02T09:24:46","date_gmt":"2022-12-02T08:24:46","guid":{"rendered":"https:\/\/www.jeepdallas.fr\/jeep-dallas\/?page_id=56"},"modified":"2026-03-13T09:57:59","modified_gmt":"2026-03-13T08:57:59","slug":"dallas-club","status":"publish","type":"page","link":"https:\/\/www.jeepdallas.fr\/jeep-dallas\/dallas-club\/","title":{"rendered":"Dallas Club"},"content":{"rendered":"<h1>Les amateurs de Jeep Dallas sont rassembl\u00e9s au sein d&rsquo;une association, le Dallas Club<\/h1>\n\n\n<p>Depuis 2007.<br><br>Vous trouverez au sein du  Dallas Club :<br>&#8211; quelques pi\u00e8ces pour vos automobiles.<br>&#8211; des fiches techniques.<br>&#8211; documents pour l&rsquo;entretien et la restauration.<br>&#8211; des bonnes adresses pour la fourniture ou l&rsquo;entretien de pi\u00e8ces et accessoires Dallas.<br>&#8211; des rassemblements, des rencontres entre membres.<br>&#8211; de l&rsquo;entraide entre membres.<br>&#8211; &#8230;<br><a title=\"Dallas Club, le rendez-vous des passionn\u00e9s de Jeep Dallas\" href=\"https:\/\/www.dallas-club.eu\/\" target=\"_blank\" rel=\"noreferrer noopener\">https:\/\/www.dallas-club.eu\/<\/a><\/p>\n\n\n\n<div class=\"wp-block-buttons is-horizontal is-content-justification-left is-layout-flex wp-container-core-buttons-is-layout-0fd3d8b5 wp-block-buttons-is-layout-flex\" style=\"letter-spacing:10px\">\n<div class=\"wp-block-button has-custom-width wp-block-button__width-50 is-style-outline is-style-outline--1\"><a class=\"wp-block-button__link has-vivid-cyan-blue-color has-white-background-color has-text-color has-background wp-element-button\" href=\"https:\/\/www.dallas-club.eu\/page\/2028101-adhesion-au-dallas-club\" target=\"_blank\" rel=\"noreferrer noopener\">Adh\u00e9rer<\/a><\/div>\n<\/div>\n\n\n\n<p><\/p>\n\n\n\n<figure class=\"wp-block-embed is-type-video is-provider-youtube wp-block-embed-youtube wp-embed-aspect-16-9 wp-has-aspect-ratio\"><div class=\"wp-block-embed__wrapper\">\n<iframe loading=\"lazy\" title=\"DALLAS CLUB 2023 ENTRE VIGNES ET CHATAIGNES\" width=\"525\" height=\"295\" src=\"https:\/\/www.youtube.com\/embed\/LhEY4w87ZmM?feature=oembed\" frameborder=\"0\" allow=\"accelerometer; autoplay; clipboard-write; encrypted-media; gyroscope; picture-in-picture; web-share\" referrerpolicy=\"strict-origin-when-cross-origin\" allowfullscreen><\/iframe>\n<\/div><figcaption class=\"wp-element-caption\">R\u00e9sum\u00e9 du rassemblement annuel 2023 dans les C\u00e9vennes ard\u00e9choises<\/figcaption><\/figure>\n\n\n\n<figure class=\"wp-block-embed is-provider-youtube wp-block-embed-youtube\"><div class=\"wp-block-embed__wrapper\">\nhttps:\/\/www.youtube.com\/watch?v=SO3avs-ew44\n<\/div><\/figure>\n\n\n\n<h2 class=\"wp-block-heading\">Forum de discussion<\/h2>\n\n\n\n<p>Un forum de discussion est disponible&nbsp;:<br>&#8211; Vente Jeep Dallas<br>&#8211; Achat Jeep Dallas<br>&#8211; Jeep Dallas d&rsquo;occasion<br>&#8211; Restauration Jeep Dallas<br>&#8211; Pi\u00e8ces Jeep Dallas<br>&#8211; Accessoires Jeep Dallas<br>et d&rsquo;autres rubriques sont \u00e0 votre disposition.<br><a href=\"https:\/\/www.jeepdallas.fr\/forum-dallas\/\" target=\"_blank\" rel=\"noreferrer noopener\">Forum Jeep Dallas<\/a><\/p>\n","protected":false},"excerpt":{"rendered":"<p>Les amateurs de Jeep Dallas sont rassembl\u00e9s au sein d&rsquo;une association, le Dallas Club Depuis 2007. Vous trouverez au sein du Dallas Club :&#8211; quelques pi\u00e8ces pour vos automobiles.&#8211; des fiches techniques.&#8211; documents pour l&rsquo;entretien et la restauration.&#8211; des bonnes adresses pour la fourniture ou l&rsquo;entretien de pi\u00e8ces et accessoires Dallas.&#8211; des rassemblements, des rencontres &hellip; <\/p>\n<p class=\"link-more\"><a href=\"https:\/\/www.jeepdallas.fr\/jeep-dallas\/dallas-club\/\" class=\"more-link\">Continuer la lecture<span class=\"screen-reader-text\"> de &laquo;&nbsp;Dallas Club&nbsp;&raquo;<\/span><\/a><\/p>\n","protected":false},"author":1,"featured_media":143,"parent":0,"menu_order":0,"comment_status":"closed","ping_status":"closed","template":"","meta":{"footnotes":""},"class_list":["post-56","page","type-page","status-publish","has-post-thumbnail","hentry"],"_links":{"self":[{"href":"https:\/\/www.jeepdallas.fr\/jeep-dallas\/wp-json\/wp\/v2\/pages\/56","targetHints":{"allow":["GET"]}}],"collection":[{"href":"https:\/\/www.jeepdallas.fr\/jeep-dallas\/wp-json\/wp\/v2\/pages"}],"about":[{"href":"https:\/\/www.jeepdallas.fr\/jeep-dallas\/wp-json\/wp\/v2\/types\/page"}],"author":[{"embeddable":true,"href":"https:\/\/www.jeepdallas.fr\/jeep-dallas\/wp-json\/wp\/v2\/users\/1"}],"replies":[{"embeddable":true,"href":"https:\/\/www.jeepdallas.fr\/jeep-dallas\/wp-json\/wp\/v2\/comments?post=56"}],"version-history":[{"count":24,"href":"https:\/\/www.jeepdallas.fr\/jeep-dallas\/wp-json\/wp\/v2\/pages\/56\/revisions"}],"predecessor-version":[{"id":92503,"href":"https:\/\/www.jeepdallas.fr\/jeep-dallas\/wp-json\/wp\/v2\/pages\/56\/revisions\/92503"}],"wp:featuredmedia":[{"embeddable":true,"href":"https:\/\/www.jeepdallas.fr\/jeep-dallas\/wp-json\/wp\/v2\/media\/143"}],"wp:attachment":[{"href":"https:\/\/www.jeepdallas.fr\/jeep-dallas\/wp-json\/wp\/v2\/media?parent=56"}],"curies":[{"name":"wp","href":"https:\/\/api.w.org\/{rel}","templated":true}]}}