{"id":9,"date":"2022-12-01T18:24:58","date_gmt":"2022-12-01T17:24:58","guid":{"rendered":"https:\/\/www.jeepdallas.fr\/jeep-dallas\/?page_id=9"},"modified":"2023-03-16T10:30:41","modified_gmt":"2023-03-16T09:30:41","slug":"accueil","status":"publish","type":"page","link":"https:\/\/www.jeepdallas.fr\/jeep-dallas\/","title":{"rendered":"Jeep Dallas"},"content":{"rendered":"<h1>La Jeep Dallas,<\/h1>\n\n\n<p>Partons \u00e0 la d\u00e9couverte de la Jeep Dallas, cette petite auto qui fait se retourner lors de son passage.<\/p>\n\n\n\n<p>Avec sa bouille craquante, ses couleurs vives et ses capacit\u00e9s en tout chemin, elle saura vous s\u00e9duire.<\/p>\n\n\n\n<p>Jeep Dallas, en ville comme \u00e0 la campagne, elle vous accompagnera en toutes circonstances.<\/p>\n\n\n\n<p>Pour en savoir plus, parcourez les pages de ce site internet, inscrivez-vous \u00e0 son <a href=\"https:\/\/www.jeepdallas.fr\/forum-dallas\" target=\"_blank\" rel=\"noreferrer noopener\">forum de discussion<\/a>, et rejoignez l&rsquo;association qui regroupe les passionn\u00e9s de Jeep Dallas le\u00a0: <br><a title=\"Dallas Club le rendez-vous des passionn\u00e9s de Jeep Dallas\" href=\"https:\/\/www.dallas-club.eu\" target=\"_blank\" rel=\"noopener\">Dallas Club<\/a>.<\/p>\n\n\n\n<p>Bonne visite.<\/p>\n","protected":false},"excerpt":{"rendered":"<p>La Jeep Dallas, Partons \u00e0 la d\u00e9couverte de la Jeep Dallas, cette petite auto qui fait se retourner lors de son passage. Avec sa bouille craquante, ses couleurs vives et ses capacit\u00e9s en tout chemin, elle saura vous s\u00e9duire. Jeep Dallas, en ville comme \u00e0 la campagne, elle vous accompagnera en toutes circonstances. Pour en &hellip; <\/p>\n<p class=\"link-more\"><a href=\"https:\/\/www.jeepdallas.fr\/jeep-dallas\/\" class=\"more-link\">Continuer la lecture<span class=\"screen-reader-text\"> de &laquo;&nbsp;Jeep Dallas&nbsp;&raquo;<\/span><\/a><\/p>\n","protected":false},"author":1,"featured_media":0,"parent":0,"menu_order":0,"comment_status":"closed","ping_status":"closed","template":"","meta":{"footnotes":""},"class_list":["post-9","page","type-page","status-publish","hentry"],"_links":{"self":[{"href":"https:\/\/www.jeepdallas.fr\/jeep-dallas\/wp-json\/wp\/v2\/pages\/9","targetHints":{"allow":["GET"]}}],"collection":[{"href":"https:\/\/www.jeepdallas.fr\/jeep-dallas\/wp-json\/wp\/v2\/pages"}],"about":[{"href":"https:\/\/www.jeepdallas.fr\/jeep-dallas\/wp-json\/wp\/v2\/types\/page"}],"author":[{"embeddable":true,"href":"https:\/\/www.jeepdallas.fr\/jeep-dallas\/wp-json\/wp\/v2\/users\/1"}],"replies":[{"embeddable":true,"href":"https:\/\/www.jeepdallas.fr\/jeep-dallas\/wp-json\/wp\/v2\/comments?post=9"}],"version-history":[{"count":10,"href":"https:\/\/www.jeepdallas.fr\/jeep-dallas\/wp-json\/wp\/v2\/pages\/9\/revisions"}],"predecessor-version":[{"id":14575,"href":"https:\/\/www.jeepdallas.fr\/jeep-dallas\/wp-json\/wp\/v2\/pages\/9\/revisions\/14575"}],"wp:attachment":[{"href":"https:\/\/www.jeepdallas.fr\/jeep-dallas\/wp-json\/wp\/v2\/media?parent=9"}],"curies":[{"name":"wp","href":"https:\/\/api.w.org\/{rel}","templated":true}]}}